{"id":9,"date":"2023-10-19T09:15:56","date_gmt":"2023-10-19T09:15:56","guid":{"rendered":"https:\/\/farmaciacarolinaesteve.com\/consejos-salud-belleza\/?page_id=9"},"modified":"2024-02-20T19:17:40","modified_gmt":"2024-02-20T17:17:40","slug":"inicio","status":"publish","type":"page","link":"https:\/\/farmaciacarolinaesteve.com\/consejos-salud-belleza\/","title":{"rendered":"Inicio"},"content":{"rendered":"<p>[et_pb_section fb_built=&#8221;1&#8243; admin_label=&#8221;Blog&#8221; _builder_version=&#8221;4.22.2&#8243; _module_preset=&#8221;default&#8221; min_height=&#8221;794.4px&#8221; custom_margin=&#8221;160px||||false|false&#8221; custom_padding=&#8221;||0px|||&#8221; collapsed=&#8221;off&#8221; global_colors_info=&#8221;{}&#8221;][et_pb_row _builder_version=&#8221;4.22.2&#8243; _module_preset=&#8221;default&#8221; max_width=&#8221;1200px&#8221; custom_margin=&#8221;-58px|auto||auto||&#8221; global_colors_info=&#8221;{}&#8221;][et_pb_column type=&#8221;4_4&#8243; _builder_version=&#8221;4.19.1&#8243; _module_preset=&#8221;default&#8221; global_colors_info=&#8221;{}&#8221;][et_pb_text _builder_version=&#8221;4.22.2&#8243; _module_preset=&#8221;456eef3d-9fe3-41a5-bdcd-923882f29acb&#8221; text_text_color=&#8221;#86aa9e&#8221; background_color=&#8221;#FFFFFF&#8221; text_orientation=&#8221;center&#8221; custom_margin=&#8221;||0px||false|false&#8221; global_colors_info=&#8221;{}&#8221;]<\/p>\n<h1><strong><span style=\"color: #86aa9e;\">Consejos de Salud y Belleza<\/span><\/strong><\/h1>\n<p>[\/et_pb_text][et_pb_text _builder_version=&#8221;4.22.2&#8243; _module_preset=&#8221;3a32b440-7d32-47c1-ae5b-1e64f77946d6&#8243; text_orientation=&#8221;center&#8221; global_colors_info=&#8221;{}&#8221;]<\/p>\n<p>En nuestro blog, exploramos un mundo de consejos, trucos y secretos para que te sientas y te veas lo mejor posible. Descubre art\u00edculos sobre nutrici\u00f3n, ejercicios, cuidado de la piel, maquillaje, bienestar mental y mucho m\u00e1s. \u00a1Prep\u00e1rate para desbloquear tu belleza interior y exterior!<\/p>\n<p>[\/et_pb_text][\/et_pb_column][\/et_pb_row][et_pb_row _builder_version=&#8221;4.22.2&#8243; _module_preset=&#8221;default&#8221; global_colors_info=&#8221;{}&#8221;][et_pb_column type=&#8221;4_4&#8243; _builder_version=&#8221;4.22.2&#8243; _module_preset=&#8221;default&#8221; global_colors_info=&#8221;{}&#8221;][et_pb_blog fullwidth=&#8221;off&#8221; posts_number=&#8221;9&#8243; include_categories=&#8221;2&#8243; meta_date=&#8221;j\/m\/y&#8221; excerpt_length=&#8221;300&#8243; show_more=&#8221;on&#8221; show_author=&#8221;off&#8221; show_categories=&#8221;off&#8221; masonry_tile_background_color=&#8221;RGBA(255,255,255,0)&#8221; _builder_version=&#8221;4.22.2&#8243; _module_preset=&#8221;84d6dae5-fd59-425e-ab40-6d3d31be406f&#8221; header_font=&#8221;Source Sans Pro|600|||||||&#8221; header_text_color=&#8221;#86aa9e&#8221; header_font_size=&#8221;20px&#8221; header_line_height=&#8221;1.2em&#8221; body_text_align=&#8221;justify&#8221; meta_font=&#8221;Source Sans Pro|600|||||||&#8221; read_more_font=&#8221;Source Sans Pro|700||on|||||&#8221; read_more_text_color=&#8221;#86aa9e&#8221; pagination_font=&#8221;Source Sans Pro|700||on|||||&#8221; pagination_text_color=&#8221;#000000&#8243; header_font_size_tablet=&#8221;16px&#8221; header_font_size_phone=&#8221;15px&#8221; header_font_size_last_edited=&#8221;on|desktop&#8221; border_radii=&#8221;on|30px|30px|30px|30px&#8221; border_color_all=&#8221;rgba(0,0,0,0.12)&#8221; locked=&#8221;off&#8221; global_colors_info=&#8221;{%22gcid-cb91e05a-a65b-4604-a848-3eebeb47b543%22:%91%22meta_text_color%22%93}&#8221;][\/et_pb_blog][\/et_pb_column][\/et_pb_row][\/et_pb_section]<\/p>\n","protected":false},"excerpt":{"rendered":"<p>Consejos de Salud y BellezaEn nuestro blog, exploramos un mundo de consejos, trucos y secretos para que te sientas y te veas lo mejor posible. Descubre art\u00edculos sobre nutrici\u00f3n, ejercicios, cuidado de la piel, maquillaje, bienestar mental y mucho m\u00e1s. \u00a1Prep\u00e1rate para desbloquear tu belleza interior y exterior!<\/p>\n","protected":false},"author":1,"featured_media":0,"parent":0,"menu_order":0,"comment_status":"closed","ping_status":"closed","template":"","meta":{"_et_pb_use_builder":"on","_et_pb_old_content":"","_et_gb_content_width":"","_joinchat":[],"footnotes":""},"class_list":["post-9","page","type-page","status-publish","hentry"],"yoast_head":"<!-- This site is optimized with the Yoast SEO plugin v22.3 - https:\/\/yoast.com\/wordpress\/plugins\/seo\/ -->\n<title>Inicio - Consejos de Salud y Belleza<\/title>\n<meta name=\"robots\" content=\"index, follow, max-snippet:-1, max-image-preview:large, max-video-preview:-1\" \/>\n<link rel=\"canonical\" href=\"https:\/\/farmaciacarolinaesteve.com\/consejos-salud-belleza\/\" \/>\n<meta property=\"og:locale\" content=\"es_ES\" \/>\n<meta property=\"og:type\" content=\"article\" \/>\n<meta property=\"og:title\" content=\"Inicio - Consejos de Salud y Belleza\" \/>\n<meta property=\"og:description\" content=\"Consejos de Salud y BellezaEn nuestro blog, exploramos un mundo de consejos, trucos y secretos para que te sientas y te veas lo mejor posible. Descubre art\u00edculos sobre nutrici\u00f3n, ejercicios, cuidado de la piel, maquillaje, bienestar mental y mucho m\u00e1s. \u00a1Prep\u00e1rate para desbloquear tu belleza interior y exterior!\" \/>\n<meta property=\"og:url\" content=\"https:\/\/farmaciacarolinaesteve.com\/consejos-salud-belleza\/\" \/>\n<meta property=\"og:site_name\" content=\"Consejos de Salud y Belleza\" \/>\n<meta property=\"article:modified_time\" content=\"2024-02-20T17:17:40+00:00\" \/>\n<meta name=\"twitter:card\" content=\"summary_large_image\" \/>\n<script type=\"application\/ld+json\" class=\"yoast-schema-graph\">{\"@context\":\"https:\/\/schema.org\",\"@graph\":[{\"@type\":\"WebPage\",\"@id\":\"https:\/\/farmaciacarolinaesteve.com\/consejos-salud-belleza\/\",\"url\":\"https:\/\/farmaciacarolinaesteve.com\/consejos-salud-belleza\/\",\"name\":\"Inicio - Consejos de Salud y Belleza\",\"isPartOf\":{\"@id\":\"https:\/\/farmaciacarolinaesteve.com\/consejos-salud-belleza\/#website\"},\"datePublished\":\"2023-10-19T09:15:56+00:00\",\"dateModified\":\"2024-02-20T17:17:40+00:00\",\"breadcrumb\":{\"@id\":\"https:\/\/farmaciacarolinaesteve.com\/consejos-salud-belleza\/#breadcrumb\"},\"inLanguage\":\"es\",\"potentialAction\":[{\"@type\":\"ReadAction\",\"target\":[\"https:\/\/farmaciacarolinaesteve.com\/consejos-salud-belleza\/\"]}]},{\"@type\":\"BreadcrumbList\",\"@id\":\"https:\/\/farmaciacarolinaesteve.com\/consejos-salud-belleza\/#breadcrumb\",\"itemListElement\":[{\"@type\":\"ListItem\",\"position\":1,\"name\":\"Portada\",\"item\":\"https:\/\/farmaciacarolinaesteve.com\/consejos-salud-belleza\/\"},{\"@type\":\"ListItem\",\"position\":2,\"name\":\"Inicio\"}]},{\"@type\":\"WebSite\",\"@id\":\"https:\/\/farmaciacarolinaesteve.com\/consejos-salud-belleza\/#website\",\"url\":\"https:\/\/farmaciacarolinaesteve.com\/consejos-salud-belleza\/\",\"name\":\"Consejos de Salud y Belleza\",\"description\":\"by Farmacia Carolina Esteve\",\"potentialAction\":[{\"@type\":\"SearchAction\",\"target\":{\"@type\":\"EntryPoint\",\"urlTemplate\":\"https:\/\/farmaciacarolinaesteve.com\/consejos-salud-belleza\/?s={search_term_string}\"},\"query-input\":\"required name=search_term_string\"}],\"inLanguage\":\"es\"}]}<\/script>\n<!-- \/ Yoast SEO plugin. -->","yoast_head_json":{"title":"Inicio - Consejos de Salud y Belleza","robots":{"index":"index","follow":"follow","max-snippet":"max-snippet:-1","max-image-preview":"max-image-preview:large","max-video-preview":"max-video-preview:-1"},"canonical":"https:\/\/farmaciacarolinaesteve.com\/consejos-salud-belleza\/","og_locale":"es_ES","og_type":"article","og_title":"Inicio - Consejos de Salud y Belleza","og_description":"Consejos de Salud y BellezaEn nuestro blog, exploramos un mundo de consejos, trucos y secretos para que te sientas y te veas lo mejor posible. Descubre art\u00edculos sobre nutrici\u00f3n, ejercicios, cuidado de la piel, maquillaje, bienestar mental y mucho m\u00e1s. \u00a1Prep\u00e1rate para desbloquear tu belleza interior y exterior!","og_url":"https:\/\/farmaciacarolinaesteve.com\/consejos-salud-belleza\/","og_site_name":"Consejos de Salud y Belleza","article_modified_time":"2024-02-20T17:17:40+00:00","twitter_card":"summary_large_image","schema":{"@context":"https:\/\/schema.org","@graph":[{"@type":"WebPage","@id":"https:\/\/farmaciacarolinaesteve.com\/consejos-salud-belleza\/","url":"https:\/\/farmaciacarolinaesteve.com\/consejos-salud-belleza\/","name":"Inicio - Consejos de Salud y Belleza","isPartOf":{"@id":"https:\/\/farmaciacarolinaesteve.com\/consejos-salud-belleza\/#website"},"datePublished":"2023-10-19T09:15:56+00:00","dateModified":"2024-02-20T17:17:40+00:00","breadcrumb":{"@id":"https:\/\/farmaciacarolinaesteve.com\/consejos-salud-belleza\/#breadcrumb"},"inLanguage":"es","potentialAction":[{"@type":"ReadAction","target":["https:\/\/farmaciacarolinaesteve.com\/consejos-salud-belleza\/"]}]},{"@type":"BreadcrumbList","@id":"https:\/\/farmaciacarolinaesteve.com\/consejos-salud-belleza\/#breadcrumb","itemListElement":[{"@type":"ListItem","position":1,"name":"Portada","item":"https:\/\/farmaciacarolinaesteve.com\/consejos-salud-belleza\/"},{"@type":"ListItem","position":2,"name":"Inicio"}]},{"@type":"WebSite","@id":"https:\/\/farmaciacarolinaesteve.com\/consejos-salud-belleza\/#website","url":"https:\/\/farmaciacarolinaesteve.com\/consejos-salud-belleza\/","name":"Consejos de Salud y Belleza","description":"by Farmacia Carolina Esteve","potentialAction":[{"@type":"SearchAction","target":{"@type":"EntryPoint","urlTemplate":"https:\/\/farmaciacarolinaesteve.com\/consejos-salud-belleza\/?s={search_term_string}"},"query-input":"required name=search_term_string"}],"inLanguage":"es"}]}},"_links":{"self":[{"href":"https:\/\/farmaciacarolinaesteve.com\/consejos-salud-belleza\/wp-json\/wp\/v2\/pages\/9","targetHints":{"allow":["GET"]}}],"collection":[{"href":"https:\/\/farmaciacarolinaesteve.com\/consejos-salud-belleza\/wp-json\/wp\/v2\/pages"}],"about":[{"href":"https:\/\/farmaciacarolinaesteve.com\/consejos-salud-belleza\/wp-json\/wp\/v2\/types\/page"}],"author":[{"embeddable":true,"href":"https:\/\/farmaciacarolinaesteve.com\/consejos-salud-belleza\/wp-json\/wp\/v2\/users\/1"}],"replies":[{"embeddable":true,"href":"https:\/\/farmaciacarolinaesteve.com\/consejos-salud-belleza\/wp-json\/wp\/v2\/comments?post=9"}],"version-history":[{"count":21,"href":"https:\/\/farmaciacarolinaesteve.com\/consejos-salud-belleza\/wp-json\/wp\/v2\/pages\/9\/revisions"}],"predecessor-version":[{"id":306,"href":"https:\/\/farmaciacarolinaesteve.com\/consejos-salud-belleza\/wp-json\/wp\/v2\/pages\/9\/revisions\/306"}],"wp:attachment":[{"href":"https:\/\/farmaciacarolinaesteve.com\/consejos-salud-belleza\/wp-json\/wp\/v2\/media?parent=9"}],"curies":[{"name":"wp","href":"https:\/\/api.w.org\/{rel}","templated":true}]}}